{"id":19,"date":"2025-04-17T15:15:27","date_gmt":"2025-04-17T15:15:27","guid":{"rendered":"https:\/\/nextstopilhagrande.com\/?page_id=19"},"modified":"2026-04-05T17:37:33","modified_gmt":"2026-04-05T17:37:33","slug":"transfer","status":"publish","type":"page","link":"https:\/\/nextstopilhagrande.com\/en\/transfer\/","title":{"rendered":"Transfer"},"content":{"rendered":"\t\t<div data-elementor-type=\"wp-page\" data-elementor-id=\"19\" class=\"elementor elementor-19\" data-elementor-post-type=\"page\">\n\t\t\t\t<div class=\"elementor-element elementor-element-a07ce0f e-flex e-con-boxed e-con e-parent\" data-id=\"a07ce0f\" data-element_type=\"container\" data-settings=\"{&quot;background_background&quot;:&quot;classic&quot;}\">\n\t\t\t\t\t<div class=\"e-con-inner\">\n\t\t\t\t<div class=\"elementor-element elementor-element-780a2db elementor-pagination-position-outside elementor-widget elementor-widget-image-carousel\" data-id=\"780a2db\" data-element_type=\"widget\" data-settings=\"{&quot;slides_to_show&quot;:&quot;4&quot;,&quot;slides_to_show_tablet&quot;:&quot;3&quot;,&quot;navigation&quot;:&quot;dots&quot;,&quot;autoplay_speed&quot;:3000,&quot;autoplay&quot;:&quot;yes&quot;,&quot;pause_on_hover&quot;:&quot;yes&quot;,&quot;pause_on_interaction&quot;:&quot;yes&quot;,&quot;infinite&quot;:&quot;yes&quot;,&quot;speed&quot;:500}\" data-widget_type=\"image-carousel.default\">\n\t\t\t\t<div class=\"elementor-widget-container\">\n\t\t\t\t\t\t\t<div class=\"elementor-image-carousel-wrapper swiper\" role=\"region\" aria-roledescription=\"carousel\" aria-label=\"Image Carousel\" dir=\"ltr\">\n\t\t\t<div class=\"elementor-image-carousel swiper-wrapper\" aria-live=\"off\">\n\t\t\t\t\t\t\t\t<div class=\"swiper-slide\" role=\"group\" aria-roledescription=\"slide\" aria-label=\"1 of 14\"><a data-elementor-open-lightbox=\"yes\" data-elementor-lightbox-slideshow=\"780a2db\" data-elementor-lightbox-title=\"58956b8c-6cde-4d32-bb4f-875ce8b65746\" data-e-action-hash=\"#elementor-action%3Aaction%3Dlightbox%26settings%3DeyJpZCI6MTM2NSwidXJsIjoiaHR0cHM6XC9cL25leHRzdG9waWxoYWdyYW5kZS5jb21cL3dwLWNvbnRlbnRcL3VwbG9hZHNcLzIwMjVcLzA0XC81ODk1NmI4Yy02Y2RlLTRkMzItYmI0Zi04NzVjZThiNjU3NDYuanBnIiwic2xpZGVzaG93IjoiNzgwYTJkYiJ9\" href=\"https:\/\/nextstopilhagrande.com\/wp-content\/uploads\/2025\/04\/58956b8c-6cde-4d32-bb4f-875ce8b65746.jpg\"><figure class=\"swiper-slide-inner\"><img decoding=\"async\" class=\"swiper-slide-image\" src=\"https:\/\/nextstopilhagrande.com\/wp-content\/uploads\/2025\/04\/58956b8c-6cde-4d32-bb4f-875ce8b65746-300x300.jpg\" alt=\"58956b8c-6cde-4d32-bb4f-875ce8b65746\" \/><\/figure><\/a><\/div><div class=\"swiper-slide\" role=\"group\" aria-roledescription=\"slide\" aria-label=\"2 of 14\"><a data-elementor-open-lightbox=\"yes\" data-elementor-lightbox-slideshow=\"780a2db\" data-elementor-lightbox-title=\"a404c09d-b4fe-4cc5-8252-73896da6024a\" data-e-action-hash=\"#elementor-action%3Aaction%3Dlightbox%26settings%3DeyJpZCI6MTM2NywidXJsIjoiaHR0cHM6XC9cL25leHRzdG9waWxoYWdyYW5kZS5jb21cL3dwLWNvbnRlbnRcL3VwbG9hZHNcLzIwMjVcLzA0XC9hNDA0YzA5ZC1iNGZlLTRjYzUtODI1Mi03Mzg5NmRhNjAyNGEuanBnIiwic2xpZGVzaG93IjoiNzgwYTJkYiJ9\" href=\"https:\/\/nextstopilhagrande.com\/wp-content\/uploads\/2025\/04\/a404c09d-b4fe-4cc5-8252-73896da6024a.jpg\"><figure class=\"swiper-slide-inner\"><img decoding=\"async\" class=\"swiper-slide-image\" src=\"https:\/\/nextstopilhagrande.com\/wp-content\/uploads\/2025\/04\/a404c09d-b4fe-4cc5-8252-73896da6024a-300x300.jpg\" alt=\"a404c09d-b4fe-4cc5-8252-73896da6024a\" \/><\/figure><\/a><\/div><div class=\"swiper-slide\" role=\"group\" aria-roledescription=\"slide\" aria-label=\"3 of 14\"><a data-elementor-open-lightbox=\"yes\" data-elementor-lightbox-slideshow=\"780a2db\" data-elementor-lightbox-title=\"b8f88e9b-4c51-42e7-b7ee-842ea4950e35\" data-e-action-hash=\"#elementor-action%3Aaction%3Dlightbox%26settings%3DeyJpZCI6MTM2OCwidXJsIjoiaHR0cHM6XC9cL25leHRzdG9waWxoYWdyYW5kZS5jb21cL3dwLWNvbnRlbnRcL3VwbG9hZHNcLzIwMjVcLzA0XC9iOGY4OGU5Yi00YzUxLTQyZTctYjdlZS04NDJlYTQ5NTBlMzUuanBnIiwic2xpZGVzaG93IjoiNzgwYTJkYiJ9\" href=\"https:\/\/nextstopilhagrande.com\/wp-content\/uploads\/2025\/04\/b8f88e9b-4c51-42e7-b7ee-842ea4950e35.jpg\"><figure class=\"swiper-slide-inner\"><img decoding=\"async\" class=\"swiper-slide-image\" src=\"https:\/\/nextstopilhagrande.com\/wp-content\/uploads\/2025\/04\/b8f88e9b-4c51-42e7-b7ee-842ea4950e35-300x300.jpg\" alt=\"b8f88e9b-4c51-42e7-b7ee-842ea4950e35\" \/><\/figure><\/a><\/div><div class=\"swiper-slide\" role=\"group\" aria-roledescription=\"slide\" aria-label=\"4 of 14\"><a data-elementor-open-lightbox=\"yes\" data-elementor-lightbox-slideshow=\"780a2db\" data-elementor-lightbox-title=\"be2952a6-7304-4074-83d3-5a150cd9e9c5\" data-e-action-hash=\"#elementor-action%3Aaction%3Dlightbox%26settings%3DeyJpZCI6MTM2OSwidXJsIjoiaHR0cHM6XC9cL25leHRzdG9waWxoYWdyYW5kZS5jb21cL3dwLWNvbnRlbnRcL3VwbG9hZHNcLzIwMjVcLzA0XC9iZTI5NTJhNi03MzA0LTQwNzQtODNkMy01YTE1MGNkOWU5YzUuanBnIiwic2xpZGVzaG93IjoiNzgwYTJkYiJ9\" href=\"https:\/\/nextstopilhagrande.com\/wp-content\/uploads\/2025\/04\/be2952a6-7304-4074-83d3-5a150cd9e9c5.jpg\"><figure class=\"swiper-slide-inner\"><img decoding=\"async\" class=\"swiper-slide-image\" src=\"https:\/\/nextstopilhagrande.com\/wp-content\/uploads\/2025\/04\/be2952a6-7304-4074-83d3-5a150cd9e9c5-300x300.jpg\" alt=\"be2952a6-7304-4074-83d3-5a150cd9e9c5\" \/><\/figure><\/a><\/div><div class=\"swiper-slide\" role=\"group\" aria-roledescription=\"slide\" aria-label=\"5 of 14\"><a data-elementor-open-lightbox=\"yes\" data-elementor-lightbox-slideshow=\"780a2db\" data-elementor-lightbox-title=\"ce32d63e-81b2-4cbf-8b6e-0a538270fe74\" data-e-action-hash=\"#elementor-action%3Aaction%3Dlightbox%26settings%3DeyJpZCI6MTM3MCwidXJsIjoiaHR0cHM6XC9cL25leHRzdG9waWxoYWdyYW5kZS5jb21cL3dwLWNvbnRlbnRcL3VwbG9hZHNcLzIwMjVcLzA0XC9jZTMyZDYzZS04MWIyLTRjYmYtOGI2ZS0wYTUzODI3MGZlNzQuanBnIiwic2xpZGVzaG93IjoiNzgwYTJkYiJ9\" href=\"https:\/\/nextstopilhagrande.com\/wp-content\/uploads\/2025\/04\/ce32d63e-81b2-4cbf-8b6e-0a538270fe74.jpg\"><figure class=\"swiper-slide-inner\"><img decoding=\"async\" class=\"swiper-slide-image\" src=\"https:\/\/nextstopilhagrande.com\/wp-content\/uploads\/2025\/04\/ce32d63e-81b2-4cbf-8b6e-0a538270fe74-300x300.jpg\" alt=\"ce32d63e-81b2-4cbf-8b6e-0a538270fe74\" \/><\/figure><\/a><\/div><div class=\"swiper-slide\" role=\"group\" aria-roledescription=\"slide\" aria-label=\"6 of 14\"><a data-elementor-open-lightbox=\"yes\" data-elementor-lightbox-slideshow=\"780a2db\" data-elementor-lightbox-title=\"4b993f7e-13c3-4930-9abb-5ef56efa1ed8\" data-e-action-hash=\"#elementor-action%3Aaction%3Dlightbox%26settings%3DeyJpZCI6MTM3MSwidXJsIjoiaHR0cHM6XC9cL25leHRzdG9waWxoYWdyYW5kZS5jb21cL3dwLWNvbnRlbnRcL3VwbG9hZHNcLzIwMjVcLzA0XC80Yjk5M2Y3ZS0xM2MzLTQ5MzAtOWFiYi01ZWY1NmVmYTFlZDguanBnIiwic2xpZGVzaG93IjoiNzgwYTJkYiJ9\" href=\"https:\/\/nextstopilhagrande.com\/wp-content\/uploads\/2025\/04\/4b993f7e-13c3-4930-9abb-5ef56efa1ed8.jpg\"><figure class=\"swiper-slide-inner\"><img decoding=\"async\" class=\"swiper-slide-image\" src=\"https:\/\/nextstopilhagrande.com\/wp-content\/uploads\/2025\/04\/4b993f7e-13c3-4930-9abb-5ef56efa1ed8-300x300.jpg\" alt=\"4b993f7e-13c3-4930-9abb-5ef56efa1ed8\" \/><\/figure><\/a><\/div><div class=\"swiper-slide\" role=\"group\" aria-roledescription=\"slide\" aria-label=\"7 of 14\"><a data-elementor-open-lightbox=\"yes\" data-elementor-lightbox-slideshow=\"780a2db\" data-elementor-lightbox-title=\"23299e54-e78e-4b26-b1db-984334f6313a\" data-e-action-hash=\"#elementor-action%3Aaction%3Dlightbox%26settings%3DeyJpZCI6MTM3MiwidXJsIjoiaHR0cHM6XC9cL25leHRzdG9waWxoYWdyYW5kZS5jb21cL3dwLWNvbnRlbnRcL3VwbG9hZHNcLzIwMjVcLzA0XC8yMzI5OWU1NC1lNzhlLTRiMjYtYjFkYi05ODQzMzRmNjMxM2EuanBnIiwic2xpZGVzaG93IjoiNzgwYTJkYiJ9\" href=\"https:\/\/nextstopilhagrande.com\/wp-content\/uploads\/2025\/04\/23299e54-e78e-4b26-b1db-984334f6313a.jpg\"><figure class=\"swiper-slide-inner\"><img decoding=\"async\" class=\"swiper-slide-image\" src=\"https:\/\/nextstopilhagrande.com\/wp-content\/uploads\/2025\/04\/23299e54-e78e-4b26-b1db-984334f6313a-300x300.jpg\" alt=\"23299e54-e78e-4b26-b1db-984334f6313a\" \/><\/figure><\/a><\/div><div class=\"swiper-slide\" role=\"group\" aria-roledescription=\"slide\" aria-label=\"8 of 14\"><a data-elementor-open-lightbox=\"yes\" data-elementor-lightbox-slideshow=\"780a2db\" data-elementor-lightbox-title=\"f572bcab-438c-4cf5-8c31-09d1dc4f031c\" data-e-action-hash=\"#elementor-action%3Aaction%3Dlightbox%26settings%3DeyJpZCI6MTM3MywidXJsIjoiaHR0cHM6XC9cL25leHRzdG9waWxoYWdyYW5kZS5jb21cL3dwLWNvbnRlbnRcL3VwbG9hZHNcLzIwMjVcLzA0XC9mNTcyYmNhYi00MzhjLTRjZjUtOGMzMS0wOWQxZGM0ZjAzMWMuanBnIiwic2xpZGVzaG93IjoiNzgwYTJkYiJ9\" href=\"https:\/\/nextstopilhagrande.com\/wp-content\/uploads\/2025\/04\/f572bcab-438c-4cf5-8c31-09d1dc4f031c.jpg\"><figure class=\"swiper-slide-inner\"><img decoding=\"async\" class=\"swiper-slide-image\" src=\"https:\/\/nextstopilhagrande.com\/wp-content\/uploads\/2025\/04\/f572bcab-438c-4cf5-8c31-09d1dc4f031c-300x300.jpg\" alt=\"f572bcab-438c-4cf5-8c31-09d1dc4f031c\" \/><\/figure><\/a><\/div><div class=\"swiper-slide\" role=\"group\" aria-roledescription=\"slide\" aria-label=\"9 of 14\"><a data-elementor-open-lightbox=\"yes\" data-elementor-lightbox-slideshow=\"780a2db\" data-elementor-lightbox-title=\"0d819cdc-ee1c-40fa-8495-c761235a3357\" data-e-action-hash=\"#elementor-action%3Aaction%3Dlightbox%26settings%3DeyJpZCI6MTM3NCwidXJsIjoiaHR0cHM6XC9cL25leHRzdG9waWxoYWdyYW5kZS5jb21cL3dwLWNvbnRlbnRcL3VwbG9hZHNcLzIwMjVcLzA0XC8wZDgxOWNkYy1lZTFjLTQwZmEtODQ5NS1jNzYxMjM1YTMzNTcuanBnIiwic2xpZGVzaG93IjoiNzgwYTJkYiJ9\" href=\"https:\/\/nextstopilhagrande.com\/wp-content\/uploads\/2025\/04\/0d819cdc-ee1c-40fa-8495-c761235a3357.jpg\"><figure class=\"swiper-slide-inner\"><img decoding=\"async\" class=\"swiper-slide-image\" src=\"https:\/\/nextstopilhagrande.com\/wp-content\/uploads\/2025\/04\/0d819cdc-ee1c-40fa-8495-c761235a3357-300x300.jpg\" alt=\"0d819cdc-ee1c-40fa-8495-c761235a3357\" \/><\/figure><\/a><\/div><div class=\"swiper-slide\" role=\"group\" aria-roledescription=\"slide\" aria-label=\"10 of 14\"><a data-elementor-open-lightbox=\"yes\" data-elementor-lightbox-slideshow=\"780a2db\" data-elementor-lightbox-title=\"3c2c4250-a7f7-476e-9ce2-b3e5ac50dd78\" data-e-action-hash=\"#elementor-action%3Aaction%3Dlightbox%26settings%3DeyJpZCI6MTM3NSwidXJsIjoiaHR0cHM6XC9cL25leHRzdG9waWxoYWdyYW5kZS5jb21cL3dwLWNvbnRlbnRcL3VwbG9hZHNcLzIwMjVcLzA0XC8zYzJjNDI1MC1hN2Y3LTQ3NmUtOWNlMi1iM2U1YWM1MGRkNzguanBnIiwic2xpZGVzaG93IjoiNzgwYTJkYiJ9\" href=\"https:\/\/nextstopilhagrande.com\/wp-content\/uploads\/2025\/04\/3c2c4250-a7f7-476e-9ce2-b3e5ac50dd78.jpg\"><figure class=\"swiper-slide-inner\"><img decoding=\"async\" class=\"swiper-slide-image\" src=\"https:\/\/nextstopilhagrande.com\/wp-content\/uploads\/2025\/04\/3c2c4250-a7f7-476e-9ce2-b3e5ac50dd78-300x300.jpg\" alt=\"3c2c4250-a7f7-476e-9ce2-b3e5ac50dd78\" \/><\/figure><\/a><\/div><div class=\"swiper-slide\" role=\"group\" aria-roledescription=\"slide\" aria-label=\"11 of 14\"><a data-elementor-open-lightbox=\"yes\" data-elementor-lightbox-slideshow=\"780a2db\" data-elementor-lightbox-title=\"3fc118ae-7748-41aa-b9a4-1a3b44cf0224\" data-e-action-hash=\"#elementor-action%3Aaction%3Dlightbox%26settings%3DeyJpZCI6MTM3NiwidXJsIjoiaHR0cHM6XC9cL25leHRzdG9waWxoYWdyYW5kZS5jb21cL3dwLWNvbnRlbnRcL3VwbG9hZHNcLzIwMjVcLzA0XC8zZmMxMThhZS03NzQ4LTQxYWEtYjlhNC0xYTNiNDRjZjAyMjQuanBnIiwic2xpZGVzaG93IjoiNzgwYTJkYiJ9\" href=\"https:\/\/nextstopilhagrande.com\/wp-content\/uploads\/2025\/04\/3fc118ae-7748-41aa-b9a4-1a3b44cf0224.jpg\"><figure class=\"swiper-slide-inner\"><img decoding=\"async\" class=\"swiper-slide-image\" src=\"https:\/\/nextstopilhagrande.com\/wp-content\/uploads\/2025\/04\/3fc118ae-7748-41aa-b9a4-1a3b44cf0224-300x300.jpg\" alt=\"3fc118ae-7748-41aa-b9a4-1a3b44cf0224\" \/><\/figure><\/a><\/div><div class=\"swiper-slide\" role=\"group\" aria-roledescription=\"slide\" aria-label=\"12 of 14\"><a data-elementor-open-lightbox=\"yes\" data-elementor-lightbox-slideshow=\"780a2db\" data-elementor-lightbox-title=\"33f2cf4f-8b22-414e-9252-5d12f51c56cc\" data-e-action-hash=\"#elementor-action%3Aaction%3Dlightbox%26settings%3DeyJpZCI6MTM3NywidXJsIjoiaHR0cHM6XC9cL25leHRzdG9waWxoYWdyYW5kZS5jb21cL3dwLWNvbnRlbnRcL3VwbG9hZHNcLzIwMjVcLzA0XC8zM2YyY2Y0Zi04YjIyLTQxNGUtOTI1Mi01ZDEyZjUxYzU2Y2MuanBnIiwic2xpZGVzaG93IjoiNzgwYTJkYiJ9\" href=\"https:\/\/nextstopilhagrande.com\/wp-content\/uploads\/2025\/04\/33f2cf4f-8b22-414e-9252-5d12f51c56cc.jpg\"><figure class=\"swiper-slide-inner\"><img decoding=\"async\" class=\"swiper-slide-image\" src=\"https:\/\/nextstopilhagrande.com\/wp-content\/uploads\/2025\/04\/33f2cf4f-8b22-414e-9252-5d12f51c56cc-300x300.jpg\" alt=\"33f2cf4f-8b22-414e-9252-5d12f51c56cc\" \/><\/figure><\/a><\/div><div class=\"swiper-slide\" role=\"group\" aria-roledescription=\"slide\" aria-label=\"13 of 14\"><a data-elementor-open-lightbox=\"yes\" data-elementor-lightbox-slideshow=\"780a2db\" data-elementor-lightbox-title=\"03838de5-3357-4eeb-a42c-5d645cd16096\" data-e-action-hash=\"#elementor-action%3Aaction%3Dlightbox%26settings%3DeyJpZCI6MTM3OCwidXJsIjoiaHR0cHM6XC9cL25leHRzdG9waWxoYWdyYW5kZS5jb21cL3dwLWNvbnRlbnRcL3VwbG9hZHNcLzIwMjVcLzA0XC8wMzgzOGRlNS0zMzU3LTRlZWItYTQyYy01ZDY0NWNkMTYwOTYuanBnIiwic2xpZGVzaG93IjoiNzgwYTJkYiJ9\" href=\"https:\/\/nextstopilhagrande.com\/wp-content\/uploads\/2025\/04\/03838de5-3357-4eeb-a42c-5d645cd16096.jpg\"><figure class=\"swiper-slide-inner\"><img decoding=\"async\" class=\"swiper-slide-image\" src=\"https:\/\/nextstopilhagrande.com\/wp-content\/uploads\/2025\/04\/03838de5-3357-4eeb-a42c-5d645cd16096-300x300.jpg\" alt=\"03838de5-3357-4eeb-a42c-5d645cd16096\" \/><\/figure><\/a><\/div><div class=\"swiper-slide\" role=\"group\" aria-roledescription=\"slide\" aria-label=\"14 of 14\"><a data-elementor-open-lightbox=\"yes\" data-elementor-lightbox-slideshow=\"780a2db\" data-elementor-lightbox-title=\"036234e0-ff3d-4b11-90f0-88def33cb870\" data-e-action-hash=\"#elementor-action%3Aaction%3Dlightbox%26settings%3DeyJpZCI6MTM3OSwidXJsIjoiaHR0cHM6XC9cL25leHRzdG9waWxoYWdyYW5kZS5jb21cL3dwLWNvbnRlbnRcL3VwbG9hZHNcLzIwMjVcLzA0XC8wMzYyMzRlMC1mZjNkLTRiMTEtOTBmMC04OGRlZjMzY2I4NzAuanBnIiwic2xpZGVzaG93IjoiNzgwYTJkYiJ9\" href=\"https:\/\/nextstopilhagrande.com\/wp-content\/uploads\/2025\/04\/036234e0-ff3d-4b11-90f0-88def33cb870.jpg\"><figure class=\"swiper-slide-inner\"><img decoding=\"async\" class=\"swiper-slide-image\" src=\"https:\/\/nextstopilhagrande.com\/wp-content\/uploads\/2025\/04\/036234e0-ff3d-4b11-90f0-88def33cb870-300x300.jpg\" alt=\"036234e0-ff3d-4b11-90f0-88def33cb870\" \/><\/figure><\/a><\/div>\t\t\t<\/div>\n\t\t\t\t\t\t\t\n\t\t\t\t\t\t\t\t\t<div class=\"swiper-pagination\"><\/div>\n\t\t\t\t\t\t\t\t\t<\/div>\n\t\t\t\t\t\t<\/div>\n\t\t\t\t<\/div>\n\t\t\t\t<div class=\"elementor-element elementor-element-1be7924 elementor-widget elementor-widget-text-editor\" data-id=\"1be7924\" data-element_type=\"widget\" data-widget_type=\"text-editor.default\">\n\t\t\t\t<div class=\"elementor-widget-container\">\n\t\t\t\t\t\t\t\t\t<h2><b>\ud83d\ude97<\/b><b>Private transfer from and to Rio de Janeiro and Ilha Grande<\/b><\/h2><p>Want to reach Ilha Grande in total comfort and without stress? Take advantage of our private transfer service to and from Rio de Janeiro, the best way to arrive or depart from the island safely, quickly, and comfortably. Whether you are arriving in Rio for your vacation or looking to return home, our private transfer service will ensure you have a pleasant and worry-free journey.<\/p><h3><b>\ud83d\udee3\ufe0f Transfer from Rio de Janeiro to Ilha Grande (and viceversa)<\/b><\/h3><p>We offer a personalized private transfer service for individuals, couples, families, or groups. Our team of professional drivers will take you directly from your hotel, airport, or port in Rio to the port of Concei\u00e7\u00e3o de Jacare\u00ed, where you can catch the ferry to your final destination on the island.\u00a0<\/p><h3><span style=\"font-weight: 400;\">\ud83d\udea2 Transfer Itinerary:<\/span><\/h3><ol><li aria-level=\"1\"><strong>Departure from Rio de Janeiro:<\/strong>\u00a0Pick-up at your hotel, airport, or port.<\/li><li aria-level=\"1\"><strong>Land transportation:<\/strong>\u00a0Travel by private car to the port of Concei\u00e7\u00e3o de Jacare\u00ed.<\/li><li aria-level=\"1\"><strong>Ferry transfer:<\/strong> A fast ferry will take you to the Island.<\/li><li aria-level=\"1\"><strong>Arrival at Ilha Grande:<\/strong>\u00a0You are ready to get to your accommodation on the island.<\/li><\/ol><h3><span style=\"font-weight: 400;\">\ud83c\udf1f Why to choose our private transfer:<\/span><\/h3><ul><li aria-level=\"1\"><p><strong>Comfort and safety:<\/strong>\u00a0Our modern and comfortable vehicles guarantee you a pleasant and safe journey.<\/p><\/li><li aria-level=\"1\"><p><strong>Personalized service:<\/strong>\u00a0No waiting and no delays, we offer you an exclusive and private transfer.<\/p><\/li><li aria-level=\"1\"><p><strong>Flexibility:<\/strong>\u00a0Choose your preferred departure time, adapting it to your travel plans.<\/p><\/li><li aria-level=\"1\"><p><strong>Experienced drivers:<\/strong>\u00a0Our professional drivers know the roads well and will ensure you have a smooth journey.<\/p><\/li><li aria-level=\"1\"><p><strong>A stress-free experience:<\/strong>\u00a0Let us take care of everything: all you have to do is relax and enjoy the journey!<\/p><\/li><\/ul><h3><b>\ud83d\udee5\ufe0f Service Details:\u00a0<\/b><\/h3><ul><li aria-level=\"1\"><strong>Total transfer time:<\/strong>\u00a0Approximately 3 hours from Rio de Janeiro to Ilha Grande, including ferry travel time.<\/li><li aria-level=\"1\"><strong>Flexible hours:<\/strong>\u00a0Service available 24 hours a day, 7 days a week, to suit your arrival or departure times.<\/li><li aria-level=\"1\"><strong>Capacity:<\/strong>\u00a0Private car for up to 4 passengers (for larger groups, we offer minivans or minibuses).<\/li><\/ul><p>Language spoken: Our drivers speak Portuguese and, in some cases, English.<\/p>\t\t\t\t\t\t\t\t<\/div>\n\t\t\t\t<\/div>\n\t\t\t\t<div class=\"elementor-element elementor-element-0529e95 elementor-align-justify elementor-widget elementor-widget-button\" data-id=\"0529e95\" data-element_type=\"widget\" data-widget_type=\"button.default\">\n\t\t\t\t<div class=\"elementor-widget-container\">\n\t\t\t\t\t\t\t\t\t<div class=\"elementor-button-wrapper\">\n\t\t\t\t\t<a class=\"elementor-button elementor-button-link elementor-size-sm\" href=\"https:\/\/wa.me\/+5521970437346\">\n\t\t\t\t\t\t<span class=\"elementor-button-content-wrapper\">\n\t\t\t\t\t\t<span class=\"elementor-button-icon\">\n\t\t\t\t<svg aria-hidden=\"true\" class=\"e-font-icon-svg e-fab-whatsapp\" viewBox=\"0 0 448 512\" xmlns=\"http:\/\/www.w3.org\/2000\/svg\"><path d=\"M380.9 97.1C339 55.1 283.2 32 223.9 32c-122.4 0-222 99.6-222 222 0 39.1 10.2 77.3 29.6 111L0 480l117.7-30.9c32.4 17.7 68.9 27 106.1 27h.1c122.3 0 224.1-99.6 224.1-222 0-59.3-25.2-115-67.1-157zm-157 341.6c-33.2 0-65.7-8.9-94-25.7l-6.7-4-69.8 18.3L72 359.2l-4.4-7c-18.5-29.4-28.2-63.3-28.2-98.2 0-101.7 82.8-184.5 184.6-184.5 49.3 0 95.6 19.2 130.4 54.1 34.8 34.9 56.2 81.2 56.1 130.5 0 101.8-84.9 184.6-186.6 184.6zm101.2-138.2c-5.5-2.8-32.8-16.2-37.9-18-5.1-1.9-8.8-2.8-12.5 2.8-3.7 5.6-14.3 18-17.6 21.8-3.2 3.7-6.5 4.2-12 1.4-32.6-16.3-54-29.1-75.5-66-5.7-9.8 5.7-9.1 16.3-30.3 1.8-3.7.9-6.9-.5-9.7-1.4-2.8-12.5-30.1-17.1-41.2-4.5-10.8-9.1-9.3-12.5-9.5-3.2-.2-6.9-.2-10.6-.2-3.7 0-9.7 1.4-14.8 6.9-5.1 5.6-19.4 19-19.4 46.3 0 27.3 19.9 53.7 22.6 57.4 2.8 3.7 39.1 59.7 94.8 83.8 35.2 15.2 49 16.5 66.6 13.9 10.7-1.6 32.8-13.4 37.4-26.4 4.6-13 4.6-24.1 3.2-26.4-1.3-2.5-5-3.9-10.5-6.6z\"><\/path><\/svg>\t\t\t<\/span>\n\t\t\t\t\t\t\t\t\t<span class=\"elementor-button-text\">CONTACT US<\/span>\n\t\t\t\t\t<\/span>\n\t\t\t\t\t<\/a>\n\t\t\t\t<\/div>\n\t\t\t\t\t\t\t\t<\/div>\n\t\t\t\t<\/div>\n\t\t\t\t\t<\/div>\n\t\t\t\t<\/div>\n\t\t\t\t<\/div>\n\t\t","protected":false},"excerpt":{"rendered":"<p>\ud83d\ude97Private transfer from and to Rio de Janeiro and Ilha Grande Want to reach Ilha Grande in total comfort and without stress? Take advantage of our private transfer service to and from Rio de Janeiro, the best way to arrive or depart from the island safely, quickly, and comfortably. Whether you are arriving in Rio [&hellip;]<\/p>\n","protected":false},"author":1,"featured_media":0,"parent":0,"menu_order":0,"comment_status":"closed","ping_status":"closed","template":"","meta":{"_acf_changed":false,"footnotes":""},"class_list":["post-19","page","type-page","status-publish","hentry"],"acf":[],"_links":{"self":[{"href":"https:\/\/nextstopilhagrande.com\/en\/wp-json\/wp\/v2\/pages\/19","targetHints":{"allow":["GET"]}}],"collection":[{"href":"https:\/\/nextstopilhagrande.com\/en\/wp-json\/wp\/v2\/pages"}],"about":[{"href":"https:\/\/nextstopilhagrande.com\/en\/wp-json\/wp\/v2\/types\/page"}],"author":[{"embeddable":true,"href":"https:\/\/nextstopilhagrande.com\/en\/wp-json\/wp\/v2\/users\/1"}],"replies":[{"embeddable":true,"href":"https:\/\/nextstopilhagrande.com\/en\/wp-json\/wp\/v2\/comments?post=19"}],"version-history":[{"count":9,"href":"https:\/\/nextstopilhagrande.com\/en\/wp-json\/wp\/v2\/pages\/19\/revisions"}],"predecessor-version":[{"id":2542,"href":"https:\/\/nextstopilhagrande.com\/en\/wp-json\/wp\/v2\/pages\/19\/revisions\/2542"}],"wp:attachment":[{"href":"https:\/\/nextstopilhagrande.com\/en\/wp-json\/wp\/v2\/media?parent=19"}],"curies":[{"name":"wp","href":"https:\/\/api.w.org\/{rel}","templated":true}]}}